{"id":101,"date":"2024-09-13T08:27:20","date_gmt":"2024-09-13T08:27:20","guid":{"rendered":"https:\/\/swientycommodities.com\/?page_id=101"},"modified":"2024-09-13T08:40:19","modified_gmt":"2024-09-13T08:40:19","slug":"impressum","status":"publish","type":"page","link":"https:\/\/swientycommodities.com\/?page_id=101","title":{"rendered":"Impressum"},"content":{"rendered":"\n<p class=\"has-system-sans-serif-font-family\">Swienty Commodities ApS<br>H\u00f8rtoftvej 16<br>DK-6400 S\u00f8nderborg<\/p>\n\n\n\n<p class=\"has-system-sans-serif-font-family\">VAT: DK34728771<br>Responsible: David R\u00f6skamp<\/p>\n\n\n\n<p><\/p>\n","protected":false},"excerpt":{"rendered":"<p>Swienty Commodities ApSH\u00f8rtoftvej 16DK-6400 S\u00f8nderborg VAT: DK34728771Responsible: David R\u00f6skamp<\/p>\n","protected":false},"author":1,"featured_media":0,"parent":0,"menu_order":0,"comment_status":"closed","ping_status":"closed","template":"","meta":{"footnotes":""},"class_list":["post-101","page","type-page","status-publish","hentry"],"_links":{"self":[{"href":"https:\/\/swientycommodities.com\/index.php?rest_route=\/wp\/v2\/pages\/101"}],"collection":[{"href":"https:\/\/swientycommodities.com\/index.php?rest_route=\/wp\/v2\/pages"}],"about":[{"href":"https:\/\/swientycommodities.com\/index.php?rest_route=\/wp\/v2\/types\/page"}],"author":[{"embeddable":true,"href":"https:\/\/swientycommodities.com\/index.php?rest_route=\/wp\/v2\/users\/1"}],"replies":[{"embeddable":true,"href":"https:\/\/swientycommodities.com\/index.php?rest_route=%2Fwp%2Fv2%2Fcomments&post=101"}],"version-history":[{"count":2,"href":"https:\/\/swientycommodities.com\/index.php?rest_route=\/wp\/v2\/pages\/101\/revisions"}],"predecessor-version":[{"id":107,"href":"https:\/\/swientycommodities.com\/index.php?rest_route=\/wp\/v2\/pages\/101\/revisions\/107"}],"wp:attachment":[{"href":"https:\/\/swientycommodities.com\/index.php?rest_route=%2Fwp%2Fv2%2Fmedia&parent=101"}],"curies":[{"name":"wp","href":"https:\/\/api.w.org\/{rel}","templated":true}]}}